{"id":5295,"date":"2024-03-29T12:56:34","date_gmt":"2024-03-29T11:56:34","guid":{"rendered":"https:\/\/agotzaina.com\/?page_id=5295"},"modified":"2026-01-14T11:28:31","modified_gmt":"2026-01-14T10:28:31","slug":"noticias","status":"publish","type":"page","link":"https:\/\/agotzaina.com\/?page_id=5295","title":{"rendered":"Noticias"},"content":{"rendered":"<p>[vc_row width=\u00bbcustom\u00bb width_custom=\u00bb1640px\u00bb height=\u00bbmedium\u00bb columns=\u00bb1&#8243;][vc_column width=\u00bb1\/1&#8243;][vc_row_inner content_placement=\u00bbbottom\u00bb el_class=\u00bbtitols\u00bb columns=\u00bb1-3-1&#8243;][vc_column_inner width=\u00bb1\/5&#8243;][\/vc_column_inner][vc_column_inner width=\u00bb3\/5&#8243;][vc_column_text css=\u00bb%7B%22default%22%3A%7B%22color%22%3A%22%23F29100%22%2C%22font-size%22%3A%2210rem%22%2C%22line-height%22%3A%220.8%22%2C%22font-family%22%3A%22Subtitol%22%7D%2C%22laptops%22%3A%7B%22color%22%3A%22%23ae2c2c%22%2C%22font-size%22%3A%2210rem%22%2C%22line-height%22%3A%220.8%22%2C%22font-family%22%3A%22%22%7D%2C%22tablets%22%3A%7B%22color%22%3A%22%23ae2c2c%22%2C%22font-size%22%3A%225rem%22%2C%22line-height%22%3A%220.8%22%2C%22font-family%22%3A%22%22%7D%2C%22mobiles%22%3A%7B%22color%22%3A%22%23ae2c2c%22%2C%22font-size%22%3A%225rem%20%22%2C%22line-height%22%3A%220.8%22%2C%22font-family%22%3A%22%22%7D%7D\u00bb]<\/p>\n<p style=\"text-align: center;\">Noticias<\/p>\n<p>[\/vc_column_text][us_separator][vc_column_text css=\u00bb%7B%22default%22%3A%7B%22color%22%3A%22%231a1a1a%22%2C%22font-weight%22%3A%22400%22%7D%7D\u00bb]<\/p>\n<h4 style=\"text-align: center;\"><strong>Descubre las \u00daltimas Innovaciones y Noticias de Agotzaina<\/strong><\/h4>\n<p style=\"text-align: center;\">Permanece al tanto de las \u00faltimas actualizaciones y avances en el mundo de la sostenibilidad y la innovaci\u00f3n en Agotzaina. Aqu\u00ed encontrar\u00e1s todo lo que necesitas saber sobre nuestros proyectos y compromisos ambientales.<\/p>\n<p>[\/vc_column_text][\/vc_column_inner][vc_column_inner width=\u00bb1\/5&#8243;][\/vc_column_inner][\/vc_row_inner][\/vc_column][\/vc_row][vc_row css=\u00bb%7B%22default%22%3A%7B%22background-color%22%3A%22_content_bg_alt%22%7D%7D\u00bb columns=\u00bb1&#8243; height=\u00bbmedium\u00bb][vc_column][us_grid ignore_sticky=\u00bb1&#8243; items_quantity=\u00bb6&#8243; load_animation=\u00bbafb\u00bb columns=\u00bb3&#8243; items_gap=\u00bb10px\u00bb skip_items=\u00bbauto\u00bb items_layout=\u00bbblog_cards\u00bb pagination_btn_style=\u00bb1&#8243; breakpoint_1_cols=\u00bb3&#8243; breakpoint_2_cols=\u00bb2&#8243; breakpoint_3_cols=\u00bb1&#8243;][\/vc_column][\/vc_row]<\/p>\n","protected":false},"excerpt":{"rendered":"<p>[vc_row width=\u00bbcustom\u00bb width_custom=\u00bb1640px\u00bb height=\u00bbmedium\u00bb columns=\u00bb1&#8243;][vc_column width=\u00bb1\/1&#8243;][vc_row_inner content_placement=\u00bbbottom\u00bb el_class=\u00bbtitols\u00bb columns=\u00bb1-3-1&#8243;][vc_column_inner width=\u00bb1\/5&#8243;][\/vc_column_inner][vc_column_inner width=\u00bb3\/5&#8243;][vc_column_text css=\u00bb%7B%22default%22%3A%7B%22color%22%3A%22%23F29100%22%2C%22font-size%22%3A%2210rem%22%2C%22line-height%22%3A%220.8%22%2C%22font-family%22%3A%22Subtitol%22%7D%2C%22laptops%22%3A%7B%22color%22%3A%22%23ae2c2c%22%2C%22font-size%22%3A%2210rem%22%2C%22line-height%22%3A%220.8%22%2C%22font-family%22%3A%22%22%7D%2C%22tablets%22%3A%7B%22color%22%3A%22%23ae2c2c%22%2C%22font-size%22%3A%225rem%22%2C%22line-height%22%3A%220.8%22%2C%22font-family%22%3A%22%22%7D%2C%22mobiles%22%3A%7B%22color%22%3A%22%23ae2c2c%22%2C%22font-size%22%3A%225rem%20%22%2C%22line-height%22%3A%220.8%22%2C%22font-family%22%3A%22%22%7D%7D\u00bb] Noticias [\/vc_column_text][us_separator][vc_column_text css=\u00bb%7B%22default%22%3A%7B%22color%22%3A%22%231a1a1a%22%2C%22font-weight%22%3A%22400%22%7D%7D\u00bb] Descubre las \u00daltimas Innovaciones y Noticias de Agotzaina Permanece al tanto de las \u00faltimas actualizaciones y avances en el mundo de la sostenibilidad y la innovaci\u00f3n en Agotzaina. Aqu\u00ed encontrar\u00e1s todo lo que necesitas saber sobre nuestros proyectos y compromisos [&hellip;]<\/p>\n","protected":false},"author":4,"featured_media":0,"parent":0,"menu_order":0,"comment_status":"closed","ping_status":"closed","template":"","meta":{"_acf_changed":false,"footnotes":""},"class_list":["post-5295","page","type-page","status-publish","hentry"],"acf":[],"yoast_head":"<!-- This site is optimized with the Yoast SEO plugin v27.5 - https:\/\/yoast.com\/product\/yoast-seo-wordpress\/ -->\n<title>Noticias - Agotzaina Bekoetxe<\/title>\n<meta name=\"robots\" content=\"index, follow, max-snippet:-1, max-image-preview:large, max-video-preview:-1\" \/>\n<link rel=\"canonical\" href=\"https:\/\/agotzaina.com\/?page_id=5295\" \/>\n<meta property=\"og:locale\" content=\"es_ES\" \/>\n<meta property=\"og:type\" content=\"article\" \/>\n<meta property=\"og:title\" content=\"Noticias - Agotzaina Bekoetxe\" \/>\n<meta property=\"og:description\" content=\"[vc_row width=\u00bbcustom\u00bb width_custom=\u00bb1640px\u00bb height=\u00bbmedium\u00bb columns=\u00bb1&#8243;][vc_column width=\u00bb1\/1&#8243;][vc_row_inner content_placement=\u00bbbottom\u00bb el_class=\u00bbtitols\u00bb columns=\u00bb1-3-1&#8243;][vc_column_inner width=\u00bb1\/5&#8243;][\/vc_column_inner][vc_column_inner width=\u00bb3\/5&#8243;][vc_column_text css=\u00bb%7B%22default%22%3A%7B%22color%22%3A%22%23F29100%22%2C%22font-size%22%3A%2210rem%22%2C%22line-height%22%3A%220.8%22%2C%22font-family%22%3A%22Subtitol%22%7D%2C%22laptops%22%3A%7B%22color%22%3A%22%23ae2c2c%22%2C%22font-size%22%3A%2210rem%22%2C%22line-height%22%3A%220.8%22%2C%22font-family%22%3A%22%22%7D%2C%22tablets%22%3A%7B%22color%22%3A%22%23ae2c2c%22%2C%22font-size%22%3A%225rem%22%2C%22line-height%22%3A%220.8%22%2C%22font-family%22%3A%22%22%7D%2C%22mobiles%22%3A%7B%22color%22%3A%22%23ae2c2c%22%2C%22font-size%22%3A%225rem%20%22%2C%22line-height%22%3A%220.8%22%2C%22font-family%22%3A%22%22%7D%7D\u00bb] Noticias [\/vc_column_text][us_separator][vc_column_text css=\u00bb%7B%22default%22%3A%7B%22color%22%3A%22%231a1a1a%22%2C%22font-weight%22%3A%22400%22%7D%7D\u00bb] Descubre las \u00daltimas Innovaciones y Noticias de Agotzaina Permanece al tanto de las \u00faltimas actualizaciones y avances en el mundo de la sostenibilidad y la innovaci\u00f3n en Agotzaina. Aqu\u00ed encontrar\u00e1s todo lo que necesitas saber sobre nuestros proyectos y compromisos [&hellip;]\" \/>\n<meta property=\"og:url\" content=\"https:\/\/agotzaina.com\/?page_id=5295\" \/>\n<meta property=\"og:site_name\" content=\"Agotzaina Bekoetxe\" \/>\n<meta property=\"article:modified_time\" content=\"2026-01-14T10:28:31+00:00\" \/>\n<meta name=\"twitter:card\" content=\"summary_large_image\" \/>\n<script type=\"application\/ld+json\" class=\"yoast-schema-graph\">{\"@context\":\"https:\\\/\\\/schema.org\",\"@graph\":[{\"@type\":\"WebPage\",\"@id\":\"https:\\\/\\\/agotzaina.com\\\/?page_id=5295\",\"url\":\"https:\\\/\\\/agotzaina.com\\\/?page_id=5295\",\"name\":\"Noticias - Agotzaina Bekoetxe\",\"isPartOf\":{\"@id\":\"https:\\\/\\\/agotzaina.com\\\/#website\"},\"datePublished\":\"2024-03-29T11:56:34+00:00\",\"dateModified\":\"2026-01-14T10:28:31+00:00\",\"breadcrumb\":{\"@id\":\"https:\\\/\\\/agotzaina.com\\\/?page_id=5295#breadcrumb\"},\"inLanguage\":\"es\",\"potentialAction\":[{\"@type\":\"ReadAction\",\"target\":[\"https:\\\/\\\/agotzaina.com\\\/?page_id=5295\"]}]},{\"@type\":\"BreadcrumbList\",\"@id\":\"https:\\\/\\\/agotzaina.com\\\/?page_id=5295#breadcrumb\",\"itemListElement\":[{\"@type\":\"ListItem\",\"position\":1,\"name\":\"Portada\",\"item\":\"https:\\\/\\\/agotzaina.com\\\/\"},{\"@type\":\"ListItem\",\"position\":2,\"name\":\"Noticias\"}]},{\"@type\":\"WebSite\",\"@id\":\"https:\\\/\\\/agotzaina.com\\\/#website\",\"url\":\"https:\\\/\\\/agotzaina.com\\\/\",\"name\":\"Agotzaina Bekoetxe\",\"description\":\"\",\"potentialAction\":[{\"@type\":\"SearchAction\",\"target\":{\"@type\":\"EntryPoint\",\"urlTemplate\":\"https:\\\/\\\/agotzaina.com\\\/?s={search_term_string}\"},\"query-input\":{\"@type\":\"PropertyValueSpecification\",\"valueRequired\":true,\"valueName\":\"search_term_string\"}}],\"inLanguage\":\"es\"}]}<\/script>\n<!-- \/ Yoast SEO plugin. -->","yoast_head_json":{"title":"Noticias - Agotzaina Bekoetxe","robots":{"index":"index","follow":"follow","max-snippet":"max-snippet:-1","max-image-preview":"max-image-preview:large","max-video-preview":"max-video-preview:-1"},"canonical":"https:\/\/agotzaina.com\/?page_id=5295","og_locale":"es_ES","og_type":"article","og_title":"Noticias - Agotzaina Bekoetxe","og_description":"[vc_row width=\u00bbcustom\u00bb width_custom=\u00bb1640px\u00bb height=\u00bbmedium\u00bb columns=\u00bb1&#8243;][vc_column width=\u00bb1\/1&#8243;][vc_row_inner content_placement=\u00bbbottom\u00bb el_class=\u00bbtitols\u00bb columns=\u00bb1-3-1&#8243;][vc_column_inner width=\u00bb1\/5&#8243;][\/vc_column_inner][vc_column_inner width=\u00bb3\/5&#8243;][vc_column_text css=\u00bb%7B%22default%22%3A%7B%22color%22%3A%22%23F29100%22%2C%22font-size%22%3A%2210rem%22%2C%22line-height%22%3A%220.8%22%2C%22font-family%22%3A%22Subtitol%22%7D%2C%22laptops%22%3A%7B%22color%22%3A%22%23ae2c2c%22%2C%22font-size%22%3A%2210rem%22%2C%22line-height%22%3A%220.8%22%2C%22font-family%22%3A%22%22%7D%2C%22tablets%22%3A%7B%22color%22%3A%22%23ae2c2c%22%2C%22font-size%22%3A%225rem%22%2C%22line-height%22%3A%220.8%22%2C%22font-family%22%3A%22%22%7D%2C%22mobiles%22%3A%7B%22color%22%3A%22%23ae2c2c%22%2C%22font-size%22%3A%225rem%20%22%2C%22line-height%22%3A%220.8%22%2C%22font-family%22%3A%22%22%7D%7D\u00bb] Noticias [\/vc_column_text][us_separator][vc_column_text css=\u00bb%7B%22default%22%3A%7B%22color%22%3A%22%231a1a1a%22%2C%22font-weight%22%3A%22400%22%7D%7D\u00bb] Descubre las \u00daltimas Innovaciones y Noticias de Agotzaina Permanece al tanto de las \u00faltimas actualizaciones y avances en el mundo de la sostenibilidad y la innovaci\u00f3n en Agotzaina. Aqu\u00ed encontrar\u00e1s todo lo que necesitas saber sobre nuestros proyectos y compromisos [&hellip;]","og_url":"https:\/\/agotzaina.com\/?page_id=5295","og_site_name":"Agotzaina Bekoetxe","article_modified_time":"2026-01-14T10:28:31+00:00","twitter_card":"summary_large_image","schema":{"@context":"https:\/\/schema.org","@graph":[{"@type":"WebPage","@id":"https:\/\/agotzaina.com\/?page_id=5295","url":"https:\/\/agotzaina.com\/?page_id=5295","name":"Noticias - Agotzaina Bekoetxe","isPartOf":{"@id":"https:\/\/agotzaina.com\/#website"},"datePublished":"2024-03-29T11:56:34+00:00","dateModified":"2026-01-14T10:28:31+00:00","breadcrumb":{"@id":"https:\/\/agotzaina.com\/?page_id=5295#breadcrumb"},"inLanguage":"es","potentialAction":[{"@type":"ReadAction","target":["https:\/\/agotzaina.com\/?page_id=5295"]}]},{"@type":"BreadcrumbList","@id":"https:\/\/agotzaina.com\/?page_id=5295#breadcrumb","itemListElement":[{"@type":"ListItem","position":1,"name":"Portada","item":"https:\/\/agotzaina.com\/"},{"@type":"ListItem","position":2,"name":"Noticias"}]},{"@type":"WebSite","@id":"https:\/\/agotzaina.com\/#website","url":"https:\/\/agotzaina.com\/","name":"Agotzaina Bekoetxe","description":"","potentialAction":[{"@type":"SearchAction","target":{"@type":"EntryPoint","urlTemplate":"https:\/\/agotzaina.com\/?s={search_term_string}"},"query-input":{"@type":"PropertyValueSpecification","valueRequired":true,"valueName":"search_term_string"}}],"inLanguage":"es"}]}},"_links":{"self":[{"href":"https:\/\/agotzaina.com\/index.php?rest_route=\/wp\/v2\/pages\/5295","targetHints":{"allow":["GET"]}}],"collection":[{"href":"https:\/\/agotzaina.com\/index.php?rest_route=\/wp\/v2\/pages"}],"about":[{"href":"https:\/\/agotzaina.com\/index.php?rest_route=\/wp\/v2\/types\/page"}],"author":[{"embeddable":true,"href":"https:\/\/agotzaina.com\/index.php?rest_route=\/wp\/v2\/users\/4"}],"replies":[{"embeddable":true,"href":"https:\/\/agotzaina.com\/index.php?rest_route=%2Fwp%2Fv2%2Fcomments&post=5295"}],"version-history":[{"count":4,"href":"https:\/\/agotzaina.com\/index.php?rest_route=\/wp\/v2\/pages\/5295\/revisions"}],"predecessor-version":[{"id":15086,"href":"https:\/\/agotzaina.com\/index.php?rest_route=\/wp\/v2\/pages\/5295\/revisions\/15086"}],"wp:attachment":[{"href":"https:\/\/agotzaina.com\/index.php?rest_route=%2Fwp%2Fv2%2Fmedia&parent=5295"}],"curies":[{"name":"wp","href":"https:\/\/api.w.org\/{rel}","templated":true}]}}