{"id":5220,"date":"2024-03-15T15:09:58","date_gmt":"2024-03-15T15:09:58","guid":{"rendered":"https:\/\/agotzaina.com\/?page_id=5220"},"modified":"2026-03-06T11:38:18","modified_gmt":"2026-03-06T10:38:18","slug":"ovoproducto","status":"publish","type":"page","link":"https:\/\/agotzaina.com\/?page_id=5220","title":{"rendered":"Secci\u00f3n Ovoproducto"},"content":{"rendered":"<p>[vc_row width=\u00bbcustom\u00bb width_custom=\u00bb1640px\u00bb height=\u00bbmedium\u00bb columns=\u00bb1&#8243;][vc_column width=\u00bb1\/1&#8243;][vc_row_inner content_placement=\u00bbbottom\u00bb el_class=\u00bbtitols\u00bb columns=\u00bb1-3-1&#8243;][vc_column_inner width=\u00bb1\/5&#8243;][\/vc_column_inner][vc_column_inner width=\u00bb3\/5&#8243;][vc_column_text css=\u00bb%7B%22default%22%3A%7B%22color%22%3A%22%23F29100%22%2C%22font-size%22%3A%2210rem%22%2C%22line-height%22%3A%220.8%22%2C%22font-family%22%3A%22Subtitol%22%7D%2C%22laptops%22%3A%7B%22color%22%3A%22%23ae2c2c%22%2C%22font-size%22%3A%2210rem%22%2C%22line-height%22%3A%220.8%22%2C%22font-family%22%3A%22%22%7D%2C%22tablets%22%3A%7B%22color%22%3A%22%23ae2c2c%22%2C%22font-size%22%3A%225rem%22%2C%22line-height%22%3A%220.8%22%2C%22font-family%22%3A%22%22%7D%2C%22mobiles%22%3A%7B%22color%22%3A%22%23ae2c2c%22%2C%22font-size%22%3A%225rem%20%22%2C%22line-height%22%3A%220.8%22%2C%22font-family%22%3A%22%22%7D%7D\u00bb]<\/p>\n<p style=\"text-align: center;\">Secci\u00f3n Ovoproducto<\/p>\n<p>[\/vc_column_text][us_separator][vc_column_text css=\u00bb%7B%22default%22%3A%7B%22color%22%3A%22%231a1a1a%22%2C%22font-weight%22%3A%22400%22%7D%7D\u00bb]<\/p>\n<h4 style=\"text-align: center;\"><strong>Innovaci\u00f3n y nutrici\u00f3n con ovoproductos de calidad.<\/strong><\/h4>\n<p style=\"text-align: center;\">Desde nuestros inicios con productos de huevo l\u00edquido, hemos ampliado<br \/>nuestra oferta de productos para cubrir todas las necesidades de nuestros<br \/>clientes, incluyendo platos precocinados, como las tortillas, o cremosos a<br \/>base de huevo.<\/p>\n<p>\u00a0<\/p>\n<p>[\/vc_column_text][\/vc_column_inner][vc_column_inner width=\u00bb1\/5&#8243;][\/vc_column_inner][\/vc_row_inner][\/vc_column][\/vc_row][vc_row height=\u00bbmedium\u00bb columns_gap=\u00bb1rem\u00bb columns=\u00bb2&#8243; css=\u00bb%7B%22default%22%3A%7B%22background-color%22%3A%22%23f5f5f5%22%7D%7D\u00bb width=\u00bbcustom\u00bb width_custom=\u00bb690px\u00bb][vc_column width=\u00bb1\/2&#8243;][us_image image=\u00bb5055&#8243;][us_separator size=\u00bbsmall\u00bb][vc_column_text css=\u00bb%7B%22default%22%3A%7B%22color%22%3A%22%23f29101%22%7D%7D\u00bb]<\/p>\n<h4 style=\"text-align: center;\"><strong>OVOPRODUCTO<\/strong><\/h4>\n<p>[\/vc_column_text][us_separator size=\u00bbsmall\u00bb][us_popup btn_style=\u00bb2&#8243; btn_label=\u00bbVER M\u00c1S\u00bb align=\u00bbcenter\u00bb use_page_block=\u00bb4933&#8243; popup_width=\u00bb1000px\u00bb]<\/p>\n<p><img loading=\"lazy\" decoding=\"async\" class=\"alignnone size-full wp-image-4911\" src=\"http:\/\/agotzaina.com\/wp-content\/uploads\/2024\/02\/liquovo.webp\" alt=\"\" width=\"300\" height=\"138\" srcset=\"https:\/\/agotzaina.com\/wp-content\/uploads\/2024\/02\/liquovo.webp 300w, https:\/\/agotzaina.com\/wp-content\/uploads\/2024\/02\/liquovo-200x92.webp 200w, https:\/\/agotzaina.com\/wp-content\/uploads\/2024\/02\/liquovo-80x37.webp 80w, https:\/\/agotzaina.com\/wp-content\/uploads\/2024\/02\/liquovo-60x28.webp 60w\" sizes=\"auto, (max-width: 300px) 100vw, 300px\" \/> <img loading=\"lazy\" decoding=\"async\" class=\"alignnone size-full wp-image-4910\" src=\"http:\/\/agotzaina.com\/wp-content\/uploads\/2024\/02\/innuovo.webp\" alt=\"\" width=\"300\" height=\"138\" srcset=\"https:\/\/agotzaina.com\/wp-content\/uploads\/2024\/02\/innuovo.webp 300w, https:\/\/agotzaina.com\/wp-content\/uploads\/2024\/02\/innuovo-200x92.webp 200w, https:\/\/agotzaina.com\/wp-content\/uploads\/2024\/02\/innuovo-80x37.webp 80w, https:\/\/agotzaina.com\/wp-content\/uploads\/2024\/02\/innuovo-60x28.webp 60w\" sizes=\"auto, (max-width: 300px) 100vw, 300px\" \/>\u00a0<\/p>\n<p>[\/us_popup][us_separator size=\u00bbsmall\u00bb][\/vc_column][vc_column width=\u00bb1\/2&#8243;][us_image image=\u00bb5053&#8243;][us_separator size=\u00bbsmall\u00bb][vc_column_text css=\u00bb%7B%22default%22%3A%7B%22color%22%3A%22%23f29101%22%7D%7D\u00bb]<\/p>\n<h4 style=\"text-align: center;\"><strong>TORTILLAS<\/strong><\/h4>\n<p>[\/vc_column_text][us_separator size=\u00bbsmall\u00bb][us_popup btn_style=\u00bb2&#8243; btn_label=\u00bbVER M\u00c1S\u00bb align=\u00bbcenter\u00bb use_page_block=\u00bb4946&#8243; popup_width=\u00bb1000px\u00bb]<\/p>\n<p><img loading=\"lazy\" decoding=\"async\" class=\"alignnone size-full wp-image-4911\" src=\"http:\/\/agotzaina.com\/wp-content\/uploads\/2024\/02\/liquovo.webp\" alt=\"\" width=\"300\" height=\"138\" srcset=\"https:\/\/agotzaina.com\/wp-content\/uploads\/2024\/02\/liquovo.webp 300w, https:\/\/agotzaina.com\/wp-content\/uploads\/2024\/02\/liquovo-200x92.webp 200w, https:\/\/agotzaina.com\/wp-content\/uploads\/2024\/02\/liquovo-80x37.webp 80w, https:\/\/agotzaina.com\/wp-content\/uploads\/2024\/02\/liquovo-60x28.webp 60w\" sizes=\"auto, (max-width: 300px) 100vw, 300px\" \/> <img loading=\"lazy\" decoding=\"async\" class=\"alignnone size-full wp-image-4910\" src=\"http:\/\/agotzaina.com\/wp-content\/uploads\/2024\/02\/innuovo.webp\" alt=\"\" width=\"300\" height=\"138\" srcset=\"https:\/\/agotzaina.com\/wp-content\/uploads\/2024\/02\/innuovo.webp 300w, https:\/\/agotzaina.com\/wp-content\/uploads\/2024\/02\/innuovo-200x92.webp 200w, https:\/\/agotzaina.com\/wp-content\/uploads\/2024\/02\/innuovo-80x37.webp 80w, https:\/\/agotzaina.com\/wp-content\/uploads\/2024\/02\/innuovo-60x28.webp 60w\" sizes=\"auto, (max-width: 300px) 100vw, 300px\" \/>\u00a0<\/p>\n<p>[\/us_popup][us_separator size=\u00bbsmall\u00bb][\/vc_column][\/vc_row]<\/p>\n","protected":false},"excerpt":{"rendered":"<p>[vc_row width=\u00bbcustom\u00bb width_custom=\u00bb1640px\u00bb height=\u00bbmedium\u00bb columns=\u00bb1&#8243;][vc_column width=\u00bb1\/1&#8243;][vc_row_inner content_placement=\u00bbbottom\u00bb el_class=\u00bbtitols\u00bb columns=\u00bb1-3-1&#8243;][vc_column_inner width=\u00bb1\/5&#8243;][\/vc_column_inner][vc_column_inner width=\u00bb3\/5&#8243;][vc_column_text css=\u00bb%7B%22default%22%3A%7B%22color%22%3A%22%23F29100%22%2C%22font-size%22%3A%2210rem%22%2C%22line-height%22%3A%220.8%22%2C%22font-family%22%3A%22Subtitol%22%7D%2C%22laptops%22%3A%7B%22color%22%3A%22%23ae2c2c%22%2C%22font-size%22%3A%2210rem%22%2C%22line-height%22%3A%220.8%22%2C%22font-family%22%3A%22%22%7D%2C%22tablets%22%3A%7B%22color%22%3A%22%23ae2c2c%22%2C%22font-size%22%3A%225rem%22%2C%22line-height%22%3A%220.8%22%2C%22font-family%22%3A%22%22%7D%2C%22mobiles%22%3A%7B%22color%22%3A%22%23ae2c2c%22%2C%22font-size%22%3A%225rem%20%22%2C%22line-height%22%3A%220.8%22%2C%22font-family%22%3A%22%22%7D%7D\u00bb] Secci\u00f3n Ovoproducto [\/vc_column_text][us_separator][vc_column_text css=\u00bb%7B%22default%22%3A%7B%22color%22%3A%22%231a1a1a%22%2C%22font-weight%22%3A%22400%22%7D%7D\u00bb] Innovaci\u00f3n y nutrici\u00f3n con ovoproductos de calidad. Desde nuestros inicios con productos de huevo l\u00edquido, hemos ampliadonuestra oferta de productos para cubrir todas las necesidades de nuestrosclientes, incluyendo platos precocinados, como las tortillas, o cremosos abase de huevo. \u00a0 [&hellip;]<\/p>\n","protected":false},"author":4,"featured_media":0,"parent":0,"menu_order":0,"comment_status":"closed","ping_status":"closed","template":"","meta":{"_acf_changed":false,"footnotes":""},"class_list":["post-5220","page","type-page","status-publish","hentry"],"acf":[],"yoast_head":"<!-- This site is optimized with the Yoast SEO plugin v27.5 - https:\/\/yoast.com\/product\/yoast-seo-wordpress\/ -->\n<title>Secci\u00f3n Ovoproducto - Agotzaina Bekoetxe<\/title>\n<meta name=\"robots\" content=\"index, follow, max-snippet:-1, max-image-preview:large, max-video-preview:-1\" \/>\n<link rel=\"canonical\" href=\"https:\/\/agotzaina.com\/?page_id=5220\" \/>\n<meta property=\"og:locale\" content=\"es_ES\" \/>\n<meta property=\"og:type\" content=\"article\" \/>\n<meta property=\"og:title\" content=\"Secci\u00f3n Ovoproducto - Agotzaina Bekoetxe\" \/>\n<meta property=\"og:description\" content=\"[vc_row width=\u00bbcustom\u00bb width_custom=\u00bb1640px\u00bb height=\u00bbmedium\u00bb columns=\u00bb1&#8243;][vc_column width=\u00bb1\/1&#8243;][vc_row_inner content_placement=\u00bbbottom\u00bb el_class=\u00bbtitols\u00bb columns=\u00bb1-3-1&#8243;][vc_column_inner width=\u00bb1\/5&#8243;][\/vc_column_inner][vc_column_inner width=\u00bb3\/5&#8243;][vc_column_text css=\u00bb%7B%22default%22%3A%7B%22color%22%3A%22%23F29100%22%2C%22font-size%22%3A%2210rem%22%2C%22line-height%22%3A%220.8%22%2C%22font-family%22%3A%22Subtitol%22%7D%2C%22laptops%22%3A%7B%22color%22%3A%22%23ae2c2c%22%2C%22font-size%22%3A%2210rem%22%2C%22line-height%22%3A%220.8%22%2C%22font-family%22%3A%22%22%7D%2C%22tablets%22%3A%7B%22color%22%3A%22%23ae2c2c%22%2C%22font-size%22%3A%225rem%22%2C%22line-height%22%3A%220.8%22%2C%22font-family%22%3A%22%22%7D%2C%22mobiles%22%3A%7B%22color%22%3A%22%23ae2c2c%22%2C%22font-size%22%3A%225rem%20%22%2C%22line-height%22%3A%220.8%22%2C%22font-family%22%3A%22%22%7D%7D\u00bb] Secci\u00f3n Ovoproducto [\/vc_column_text][us_separator][vc_column_text css=\u00bb%7B%22default%22%3A%7B%22color%22%3A%22%231a1a1a%22%2C%22font-weight%22%3A%22400%22%7D%7D\u00bb] Innovaci\u00f3n y nutrici\u00f3n con ovoproductos de calidad. Desde nuestros inicios con productos de huevo l\u00edquido, hemos ampliadonuestra oferta de productos para cubrir todas las necesidades de nuestrosclientes, incluyendo platos precocinados, como las tortillas, o cremosos abase de huevo. \u00a0 [&hellip;]\" \/>\n<meta property=\"og:url\" content=\"https:\/\/agotzaina.com\/?page_id=5220\" \/>\n<meta property=\"og:site_name\" content=\"Agotzaina Bekoetxe\" \/>\n<meta property=\"article:modified_time\" content=\"2026-03-06T10:38:18+00:00\" \/>\n<meta property=\"og:image\" content=\"http:\/\/agotzaina.com\/wp-content\/uploads\/2024\/02\/liquovo.webp\" \/>\n<meta name=\"twitter:card\" content=\"summary_large_image\" \/>\n<meta name=\"twitter:label1\" content=\"Tiempo de lectura\" \/>\n\t<meta name=\"twitter:data1\" content=\"2 minutos\" \/>\n<script type=\"application\/ld+json\" class=\"yoast-schema-graph\">{\"@context\":\"https:\\\/\\\/schema.org\",\"@graph\":[{\"@type\":\"WebPage\",\"@id\":\"https:\\\/\\\/agotzaina.com\\\/?page_id=5220\",\"url\":\"https:\\\/\\\/agotzaina.com\\\/?page_id=5220\",\"name\":\"Secci\u00f3n Ovoproducto - Agotzaina Bekoetxe\",\"isPartOf\":{\"@id\":\"https:\\\/\\\/agotzaina.com\\\/#website\"},\"primaryImageOfPage\":{\"@id\":\"https:\\\/\\\/agotzaina.com\\\/?page_id=5220#primaryimage\"},\"image\":{\"@id\":\"https:\\\/\\\/agotzaina.com\\\/?page_id=5220#primaryimage\"},\"thumbnailUrl\":\"http:\\\/\\\/agotzaina.com\\\/wp-content\\\/uploads\\\/2024\\\/02\\\/liquovo.webp\",\"datePublished\":\"2024-03-15T15:09:58+00:00\",\"dateModified\":\"2026-03-06T10:38:18+00:00\",\"breadcrumb\":{\"@id\":\"https:\\\/\\\/agotzaina.com\\\/?page_id=5220#breadcrumb\"},\"inLanguage\":\"es\",\"potentialAction\":[{\"@type\":\"ReadAction\",\"target\":[\"https:\\\/\\\/agotzaina.com\\\/?page_id=5220\"]}]},{\"@type\":\"ImageObject\",\"inLanguage\":\"es\",\"@id\":\"https:\\\/\\\/agotzaina.com\\\/?page_id=5220#primaryimage\",\"url\":\"https:\\\/\\\/agotzaina.com\\\/wp-content\\\/uploads\\\/2024\\\/02\\\/liquovo.webp\",\"contentUrl\":\"https:\\\/\\\/agotzaina.com\\\/wp-content\\\/uploads\\\/2024\\\/02\\\/liquovo.webp\",\"width\":300,\"height\":138},{\"@type\":\"BreadcrumbList\",\"@id\":\"https:\\\/\\\/agotzaina.com\\\/?page_id=5220#breadcrumb\",\"itemListElement\":[{\"@type\":\"ListItem\",\"position\":1,\"name\":\"Portada\",\"item\":\"https:\\\/\\\/agotzaina.com\\\/\"},{\"@type\":\"ListItem\",\"position\":2,\"name\":\"Secci\u00f3n Ovoproducto\"}]},{\"@type\":\"WebSite\",\"@id\":\"https:\\\/\\\/agotzaina.com\\\/#website\",\"url\":\"https:\\\/\\\/agotzaina.com\\\/\",\"name\":\"Agotzaina Bekoetxe\",\"description\":\"\",\"potentialAction\":[{\"@type\":\"SearchAction\",\"target\":{\"@type\":\"EntryPoint\",\"urlTemplate\":\"https:\\\/\\\/agotzaina.com\\\/?s={search_term_string}\"},\"query-input\":{\"@type\":\"PropertyValueSpecification\",\"valueRequired\":true,\"valueName\":\"search_term_string\"}}],\"inLanguage\":\"es\"}]}<\/script>\n<!-- \/ Yoast SEO plugin. -->","yoast_head_json":{"title":"Secci\u00f3n Ovoproducto - Agotzaina Bekoetxe","robots":{"index":"index","follow":"follow","max-snippet":"max-snippet:-1","max-image-preview":"max-image-preview:large","max-video-preview":"max-video-preview:-1"},"canonical":"https:\/\/agotzaina.com\/?page_id=5220","og_locale":"es_ES","og_type":"article","og_title":"Secci\u00f3n Ovoproducto - Agotzaina Bekoetxe","og_description":"[vc_row width=\u00bbcustom\u00bb width_custom=\u00bb1640px\u00bb height=\u00bbmedium\u00bb columns=\u00bb1&#8243;][vc_column width=\u00bb1\/1&#8243;][vc_row_inner content_placement=\u00bbbottom\u00bb el_class=\u00bbtitols\u00bb columns=\u00bb1-3-1&#8243;][vc_column_inner width=\u00bb1\/5&#8243;][\/vc_column_inner][vc_column_inner width=\u00bb3\/5&#8243;][vc_column_text css=\u00bb%7B%22default%22%3A%7B%22color%22%3A%22%23F29100%22%2C%22font-size%22%3A%2210rem%22%2C%22line-height%22%3A%220.8%22%2C%22font-family%22%3A%22Subtitol%22%7D%2C%22laptops%22%3A%7B%22color%22%3A%22%23ae2c2c%22%2C%22font-size%22%3A%2210rem%22%2C%22line-height%22%3A%220.8%22%2C%22font-family%22%3A%22%22%7D%2C%22tablets%22%3A%7B%22color%22%3A%22%23ae2c2c%22%2C%22font-size%22%3A%225rem%22%2C%22line-height%22%3A%220.8%22%2C%22font-family%22%3A%22%22%7D%2C%22mobiles%22%3A%7B%22color%22%3A%22%23ae2c2c%22%2C%22font-size%22%3A%225rem%20%22%2C%22line-height%22%3A%220.8%22%2C%22font-family%22%3A%22%22%7D%7D\u00bb] Secci\u00f3n Ovoproducto [\/vc_column_text][us_separator][vc_column_text css=\u00bb%7B%22default%22%3A%7B%22color%22%3A%22%231a1a1a%22%2C%22font-weight%22%3A%22400%22%7D%7D\u00bb] Innovaci\u00f3n y nutrici\u00f3n con ovoproductos de calidad. Desde nuestros inicios con productos de huevo l\u00edquido, hemos ampliadonuestra oferta de productos para cubrir todas las necesidades de nuestrosclientes, incluyendo platos precocinados, como las tortillas, o cremosos abase de huevo. \u00a0 [&hellip;]","og_url":"https:\/\/agotzaina.com\/?page_id=5220","og_site_name":"Agotzaina Bekoetxe","article_modified_time":"2026-03-06T10:38:18+00:00","og_image":[{"url":"http:\/\/agotzaina.com\/wp-content\/uploads\/2024\/02\/liquovo.webp","type":"","width":"","height":""}],"twitter_card":"summary_large_image","twitter_misc":{"Tiempo de lectura":"2 minutos"},"schema":{"@context":"https:\/\/schema.org","@graph":[{"@type":"WebPage","@id":"https:\/\/agotzaina.com\/?page_id=5220","url":"https:\/\/agotzaina.com\/?page_id=5220","name":"Secci\u00f3n Ovoproducto - Agotzaina Bekoetxe","isPartOf":{"@id":"https:\/\/agotzaina.com\/#website"},"primaryImageOfPage":{"@id":"https:\/\/agotzaina.com\/?page_id=5220#primaryimage"},"image":{"@id":"https:\/\/agotzaina.com\/?page_id=5220#primaryimage"},"thumbnailUrl":"http:\/\/agotzaina.com\/wp-content\/uploads\/2024\/02\/liquovo.webp","datePublished":"2024-03-15T15:09:58+00:00","dateModified":"2026-03-06T10:38:18+00:00","breadcrumb":{"@id":"https:\/\/agotzaina.com\/?page_id=5220#breadcrumb"},"inLanguage":"es","potentialAction":[{"@type":"ReadAction","target":["https:\/\/agotzaina.com\/?page_id=5220"]}]},{"@type":"ImageObject","inLanguage":"es","@id":"https:\/\/agotzaina.com\/?page_id=5220#primaryimage","url":"https:\/\/agotzaina.com\/wp-content\/uploads\/2024\/02\/liquovo.webp","contentUrl":"https:\/\/agotzaina.com\/wp-content\/uploads\/2024\/02\/liquovo.webp","width":300,"height":138},{"@type":"BreadcrumbList","@id":"https:\/\/agotzaina.com\/?page_id=5220#breadcrumb","itemListElement":[{"@type":"ListItem","position":1,"name":"Portada","item":"https:\/\/agotzaina.com\/"},{"@type":"ListItem","position":2,"name":"Secci\u00f3n Ovoproducto"}]},{"@type":"WebSite","@id":"https:\/\/agotzaina.com\/#website","url":"https:\/\/agotzaina.com\/","name":"Agotzaina Bekoetxe","description":"","potentialAction":[{"@type":"SearchAction","target":{"@type":"EntryPoint","urlTemplate":"https:\/\/agotzaina.com\/?s={search_term_string}"},"query-input":{"@type":"PropertyValueSpecification","valueRequired":true,"valueName":"search_term_string"}}],"inLanguage":"es"}]}},"_links":{"self":[{"href":"https:\/\/agotzaina.com\/index.php?rest_route=\/wp\/v2\/pages\/5220","targetHints":{"allow":["GET"]}}],"collection":[{"href":"https:\/\/agotzaina.com\/index.php?rest_route=\/wp\/v2\/pages"}],"about":[{"href":"https:\/\/agotzaina.com\/index.php?rest_route=\/wp\/v2\/types\/page"}],"author":[{"embeddable":true,"href":"https:\/\/agotzaina.com\/index.php?rest_route=\/wp\/v2\/users\/4"}],"replies":[{"embeddable":true,"href":"https:\/\/agotzaina.com\/index.php?rest_route=%2Fwp%2Fv2%2Fcomments&post=5220"}],"version-history":[{"count":5,"href":"https:\/\/agotzaina.com\/index.php?rest_route=\/wp\/v2\/pages\/5220\/revisions"}],"predecessor-version":[{"id":15132,"href":"https:\/\/agotzaina.com\/index.php?rest_route=\/wp\/v2\/pages\/5220\/revisions\/15132"}],"wp:attachment":[{"href":"https:\/\/agotzaina.com\/index.php?rest_route=%2Fwp%2Fv2%2Fmedia&parent=5220"}],"curies":[{"name":"wp","href":"https:\/\/api.w.org\/{rel}","templated":true}]}}